{"id":14,"date":"2016-03-01T18:25:39","date_gmt":"2016-03-01T16:25:39","guid":{"rendered":"http:\/\/www.daio.web.tr\/firmalar\/balet\/?page_id=14"},"modified":"2016-03-19T21:01:33","modified_gmt":"2016-03-19T19:01:33","slug":"balet2","status":"publish","type":"page","link":"https:\/\/www.balet.com.tr\/index.php\/balet2\/","title":{"rendered":"Size \u00d6zel Bir Mekan"},"content":{"rendered":"<p><img loading=\"lazy\" class=\"alignnone size-full wp-image-50\" src=\"http:\/\/www.daio.web.tr\/firmalar\/balet\/wp-content\/uploads\/2016\/03\/slider-son2.jpg\" alt=\"slider-son2\" width=\"1400\" height=\"648\" srcset=\"https:\/\/www.balet.com.tr\/wp-content\/uploads\/2016\/03\/slider-son2.jpg 1400w, https:\/\/www.balet.com.tr\/wp-content\/uploads\/2016\/03\/slider-son2-300x139.jpg 300w, https:\/\/www.balet.com.tr\/wp-content\/uploads\/2016\/03\/slider-son2-768x355.jpg 768w, https:\/\/www.balet.com.tr\/wp-content\/uploads\/2016\/03\/slider-son2-1024x474.jpg 1024w\" sizes=\"(max-width: 1400px) 100vw, 1400px\" \/><\/p>\n<p>\u00c7ocuk oyun alanlar\u0131ndan ferah salonumuza kadar her\u015fey sizin rahat\u0131n\u0131z i\u00e7in haz\u0131rland\u0131..<\/p>\n","protected":false},"excerpt":{"rendered":"<p>\u00c7ocuk oyun alanlar\u0131ndan ferah salonumuza kadar her\u015fey sizin rahat\u0131n\u0131z i\u00e7in haz\u0131rland\u0131..<\/p>\n","protected":false},"author":1,"featured_media":50,"parent":0,"menu_order":0,"comment_status":"closed","ping_status":"closed","template":"","meta":[],"_links":{"self":[{"href":"https:\/\/www.balet.com.tr\/index.php\/wp-json\/wp\/v2\/pages\/14"}],"collection":[{"href":"https:\/\/www.balet.com.tr\/index.php\/wp-json\/wp\/v2\/pages"}],"about":[{"href":"https:\/\/www.balet.com.tr\/index.php\/wp-json\/wp\/v2\/types\/page"}],"author":[{"embeddable":true,"href":"https:\/\/www.balet.com.tr\/index.php\/wp-json\/wp\/v2\/users\/1"}],"replies":[{"embeddable":true,"href":"https:\/\/www.balet.com.tr\/index.php\/wp-json\/wp\/v2\/comments?post=14"}],"version-history":[{"count":3,"href":"https:\/\/www.balet.com.tr\/index.php\/wp-json\/wp\/v2\/pages\/14\/revisions"}],"predecessor-version":[{"id":51,"href":"https:\/\/www.balet.com.tr\/index.php\/wp-json\/wp\/v2\/pages\/14\/revisions\/51"}],"wp:featuredmedia":[{"embeddable":true,"href":"https:\/\/www.balet.com.tr\/index.php\/wp-json\/wp\/v2\/media\/50"}],"wp:attachment":[{"href":"https:\/\/www.balet.com.tr\/index.php\/wp-json\/wp\/v2\/media?parent=14"}],"curies":[{"name":"wp","href":"https:\/\/api.w.org\/{rel}","templated":true}]}}