{"id":16,"date":"2016-03-01T18:26:04","date_gmt":"2016-03-01T16:26:04","guid":{"rendered":"http:\/\/www.daio.web.tr\/firmalar\/balet\/?page_id=16"},"modified":"2016-03-19T21:07:33","modified_gmt":"2016-03-19T19:07:33","slug":"balet3","status":"publish","type":"page","link":"https:\/\/www.balet.com.tr\/index.php\/balet3\/","title":{"rendered":"Rahat ve Huzurlu Bir Ortam"},"content":{"rendered":"<p><img loading=\"lazy\" class=\"alignnone size-full wp-image-53\" src=\"http:\/\/www.daio.web.tr\/firmalar\/balet\/wp-content\/uploads\/2016\/03\/slider-son3.jpg\" alt=\"slider-son3\" width=\"1400\" height=\"648\" srcset=\"https:\/\/www.balet.com.tr\/wp-content\/uploads\/2016\/03\/slider-son3.jpg 1400w, https:\/\/www.balet.com.tr\/wp-content\/uploads\/2016\/03\/slider-son3-300x139.jpg 300w, https:\/\/www.balet.com.tr\/wp-content\/uploads\/2016\/03\/slider-son3-768x355.jpg 768w, https:\/\/www.balet.com.tr\/wp-content\/uploads\/2016\/03\/slider-son3-1024x474.jpg 1024w\" sizes=\"(max-width: 1400px) 100vw, 1400px\" \/><\/p>\n<p>\u00d6zel mimari yap\u0131s\u0131yla farkl\u0131 bir ambiyansta yeme\u011finizin tad\u0131na var\u0131n..<\/p>\n","protected":false},"excerpt":{"rendered":"<p>\u00d6zel mimari yap\u0131s\u0131yla farkl\u0131 bir ambiyansta yeme\u011finizin tad\u0131na var\u0131n..<\/p>\n","protected":false},"author":1,"featured_media":53,"parent":0,"menu_order":0,"comment_status":"closed","ping_status":"closed","template":"","meta":[],"_links":{"self":[{"href":"https:\/\/www.balet.com.tr\/index.php\/wp-json\/wp\/v2\/pages\/16"}],"collection":[{"href":"https:\/\/www.balet.com.tr\/index.php\/wp-json\/wp\/v2\/pages"}],"about":[{"href":"https:\/\/www.balet.com.tr\/index.php\/wp-json\/wp\/v2\/types\/page"}],"author":[{"embeddable":true,"href":"https:\/\/www.balet.com.tr\/index.php\/wp-json\/wp\/v2\/users\/1"}],"replies":[{"embeddable":true,"href":"https:\/\/www.balet.com.tr\/index.php\/wp-json\/wp\/v2\/comments?post=16"}],"version-history":[{"count":3,"href":"https:\/\/www.balet.com.tr\/index.php\/wp-json\/wp\/v2\/pages\/16\/revisions"}],"predecessor-version":[{"id":54,"href":"https:\/\/www.balet.com.tr\/index.php\/wp-json\/wp\/v2\/pages\/16\/revisions\/54"}],"wp:featuredmedia":[{"embeddable":true,"href":"https:\/\/www.balet.com.tr\/index.php\/wp-json\/wp\/v2\/media\/53"}],"wp:attachment":[{"href":"https:\/\/www.balet.com.tr\/index.php\/wp-json\/wp\/v2\/media?parent=16"}],"curies":[{"name":"wp","href":"https:\/\/api.w.org\/{rel}","templated":true}]}}