{"id":59,"date":"2016-03-19T21:37:22","date_gmt":"2016-03-19T19:37:22","guid":{"rendered":"http:\/\/www.daio.web.tr\/firmalar\/balet\/?page_id=59"},"modified":"2016-03-19T23:00:02","modified_gmt":"2016-03-19T21:00:02","slug":"hakkimizda","status":"publish","type":"page","link":"https:\/\/www.balet.com.tr\/index.php\/hakkimizda\/","title":{"rendered":"HAKKIMIZDA"},"content":{"rendered":"<p><img loading=\"lazy\" class=\"alignleft size-medium wp-image-55\" src=\"http:\/\/www.daio.web.tr\/firmalar\/balet\/wp-content\/uploads\/2016\/03\/ana-sayfa-gorsel-1-300x202.jpg\" alt=\"ana-sayfa-gorsel\" width=\"300\" height=\"202\" srcset=\"https:\/\/www.balet.com.tr\/wp-content\/uploads\/2016\/03\/ana-sayfa-gorsel-1-300x202.jpg 300w, https:\/\/www.balet.com.tr\/wp-content\/uploads\/2016\/03\/ana-sayfa-gorsel-1.jpg 504w\" sizes=\"(max-width: 300px) 100vw, 300px\" \/>1989 y\u0131l\u0131ndan beri et sekt\u00f6r\u00fcnde hizmet veren kurulu\u015fumuz Bursa&#8217;n\u0131n g\u00f6zde semtlerinden biri olan Balat&#8217;ta, Balet markas\u0131yla 2016 y\u0131l\u0131 k\u0131\u015f\u0131nda \u0131zgara, pide ve kasap reyonuyla hizmet vermeye ba\u015flad\u0131.<\/p>\n<p>Balet hizmet anlay\u0131\u015f\u0131n\u0131 &#8220;kaliteli \u00fcr\u00fcn lezzetli sonu\u00e7&#8221; slogan\u0131yla bi\u00e7imlendirip m\u00fc\u015fterilerine sunmaktad\u0131r. Kalitemize g\u00fcvenimiz kulland\u0131\u011f\u0131m\u0131z \u00fcr\u00fcnlerin her a\u015famas\u0131na m\u00fcdahil olmam\u0131zdan kaynakl\u0131d\u0131r. Kasap reyonumuzda ci\u011f et sat\u0131\u015f\u0131 da yaparak, m\u00fc\u015fterilerimizin ayn\u0131 kalitede ki \u00fcr\u00fcnleri evlerinede g\u00f6t\u00fcrmelerini sa\u011fl\u0131yoruz. Fiyat politikam\u0131z tamamen m\u00fc\u015fterimizin yarar\u0131na olacak \u015fekilde belirlenmi\u015f bu do\u011frultuda haz\u0131rlanan \u00fcr\u00fcnlere yans\u0131t\u0131lm\u0131\u015ft\u0131r.<\/p>\n<p>Balet&#8217;e girdi\u011finiz andan itibaren s\u0131cak ve g\u00fclery\u00fczl\u00fc personelimiz sizi kar\u015f\u0131layarak size en iyi hizmeti sunmak i\u00e7in \u00e7al\u0131\u015facaklard\u0131r. Ailenizle birlikte rahat ve ferah yerimizde yeme\u011finizi yerken biz her zaman size hizmet i\u00e7in \u00e7al\u0131\u015f\u0131yor olaca\u011f\u0131z.<\/p>\n<p>Balet, Balat&#8217;\u0131n merkezinde&#8230;<br \/>\nBalat caddesinde&#8230;<br \/>\nHizmetinizde&#8230;<\/p>\n<p>Buyrun misafirimiz olun sizde bu farkl\u0131 hizmet ve kalite anlay\u0131\u015f\u0131n\u0131n fark\u0131n\u0131 ya\u015fay\u0131n&#8230;<\/p>\n","protected":false},"excerpt":{"rendered":"<p>1989 y\u0131l\u0131ndan beri et sekt\u00f6r\u00fcnde hizmet veren kurulu\u015fumuz Bursa&#8217;n\u0131n g\u00f6zde semtlerinden biri olan Balat&#8217;ta, Balet markas\u0131yla 2016 y\u0131l\u0131 k\u0131\u015f\u0131nda \u0131zgara, pide ve kasap reyonuyla hizmet vermeye ba\u015flad\u0131. Balet hizmet anlay\u0131\u015f\u0131n\u0131 &#8220;kaliteli \u00fcr\u00fcn lezzetli sonu\u00e7&#8221; slogan\u0131yla bi\u00e7imlendirip m\u00fc\u015fterilerine sunmaktad\u0131r. Kalitemize g\u00fcvenimiz kulland\u0131\u011f\u0131m\u0131z \u00fcr\u00fcnlerin her a\u015famas\u0131na m\u00fcdahil olmam\u0131zdan kaynakl\u0131d\u0131r. Kasap reyonumuzda ci\u011f et sat\u0131\u015f\u0131 da yaparak, m\u00fc\u015fterilerimizin [&hellip;]<\/p>\n","protected":false},"author":1,"featured_media":0,"parent":0,"menu_order":0,"comment_status":"closed","ping_status":"closed","template":"","meta":[],"_links":{"self":[{"href":"https:\/\/www.balet.com.tr\/index.php\/wp-json\/wp\/v2\/pages\/59"}],"collection":[{"href":"https:\/\/www.balet.com.tr\/index.php\/wp-json\/wp\/v2\/pages"}],"about":[{"href":"https:\/\/www.balet.com.tr\/index.php\/wp-json\/wp\/v2\/types\/page"}],"author":[{"embeddable":true,"href":"https:\/\/www.balet.com.tr\/index.php\/wp-json\/wp\/v2\/users\/1"}],"replies":[{"embeddable":true,"href":"https:\/\/www.balet.com.tr\/index.php\/wp-json\/wp\/v2\/comments?post=59"}],"version-history":[{"count":2,"href":"https:\/\/www.balet.com.tr\/index.php\/wp-json\/wp\/v2\/pages\/59\/revisions"}],"predecessor-version":[{"id":109,"href":"https:\/\/www.balet.com.tr\/index.php\/wp-json\/wp\/v2\/pages\/59\/revisions\/109"}],"wp:attachment":[{"href":"https:\/\/www.balet.com.tr\/index.php\/wp-json\/wp\/v2\/media?parent=59"}],"curies":[{"name":"wp","href":"https:\/\/api.w.org\/{rel}","templated":true}]}}