{"id":85,"date":"2016-03-19T22:01:04","date_gmt":"2016-03-19T20:01:04","guid":{"rendered":"http:\/\/www.daio.web.tr\/firmalar\/balet\/?page_id=85"},"modified":"2016-03-19T22:01:14","modified_gmt":"2016-03-19T20:01:14","slug":"iletisim","status":"publish","type":"page","link":"https:\/\/www.balet.com.tr\/index.php\/iletisim\/","title":{"rendered":"\u0130LET\u0130\u015e\u0130M"},"content":{"rendered":"<p><strong>Adres:<\/strong> Balat Mahallesi Piknik Caddesi Ritim AVM No:83 C \/ 1 Nil\u00fcfer \/ BURSA<\/p>\n<p><strong>Telefon:<\/strong> 0224 404 00 74<\/p>\n<p><strong>Mail:<\/strong> bilgi@balet.com.tr<\/p>\n<p><strong>KROK\u0130:\u00a0<\/strong><\/p>\n<p><iframe loading=\"lazy\" src=\"https:\/\/www.google.com\/maps\/d\/u\/0\/embed?mid=z5dbmnQnEffg.ks63V2nXFRuU\" width=\"640\" height=\"580\"><\/iframe><\/p>\n","protected":false},"excerpt":{"rendered":"<p>Adres: Balat Mahallesi Piknik Caddesi Ritim AVM No:83 C \/ 1 Nil\u00fcfer \/ BURSA Telefon: 0224 404 00 74 Mail: bilgi@balet.com.tr KROK\u0130:\u00a0<\/p>\n","protected":false},"author":1,"featured_media":0,"parent":0,"menu_order":0,"comment_status":"closed","ping_status":"closed","template":"","meta":[],"_links":{"self":[{"href":"https:\/\/www.balet.com.tr\/index.php\/wp-json\/wp\/v2\/pages\/85"}],"collection":[{"href":"https:\/\/www.balet.com.tr\/index.php\/wp-json\/wp\/v2\/pages"}],"about":[{"href":"https:\/\/www.balet.com.tr\/index.php\/wp-json\/wp\/v2\/types\/page"}],"author":[{"embeddable":true,"href":"https:\/\/www.balet.com.tr\/index.php\/wp-json\/wp\/v2\/users\/1"}],"replies":[{"embeddable":true,"href":"https:\/\/www.balet.com.tr\/index.php\/wp-json\/wp\/v2\/comments?post=85"}],"version-history":[{"count":2,"href":"https:\/\/www.balet.com.tr\/index.php\/wp-json\/wp\/v2\/pages\/85\/revisions"}],"predecessor-version":[{"id":87,"href":"https:\/\/www.balet.com.tr\/index.php\/wp-json\/wp\/v2\/pages\/85\/revisions\/87"}],"wp:attachment":[{"href":"https:\/\/www.balet.com.tr\/index.php\/wp-json\/wp\/v2\/media?parent=85"}],"curies":[{"name":"wp","href":"https:\/\/api.w.org\/{rel}","templated":true}]}}