{"id":9,"date":"2016-03-01T18:25:00","date_gmt":"2016-03-01T16:25:00","guid":{"rendered":"http:\/\/www.daio.web.tr\/firmalar\/balet\/?page_id=9"},"modified":"2016-03-19T22:14:48","modified_gmt":"2016-03-19T20:14:48","slug":"balet1","status":"publish","type":"page","link":"https:\/\/www.balet.com.tr\/index.php\/balet1\/","title":{"rendered":"BAL-ET A\u00c7ILDI"},"content":{"rendered":"<p><img loading=\"lazy\" class=\"alignnone wp-image-97 size-full\" src=\"http:\/\/www.daio.web.tr\/firmalar\/balet\/wp-content\/uploads\/2016\/03\/sliderrrr.jpg\" alt=\"sliderrrr\" width=\"1400\" height=\"648\" srcset=\"https:\/\/www.balet.com.tr\/wp-content\/uploads\/2016\/03\/sliderrrr.jpg 1400w, https:\/\/www.balet.com.tr\/wp-content\/uploads\/2016\/03\/sliderrrr-300x139.jpg 300w, https:\/\/www.balet.com.tr\/wp-content\/uploads\/2016\/03\/sliderrrr-768x355.jpg 768w, https:\/\/www.balet.com.tr\/wp-content\/uploads\/2016\/03\/sliderrrr-1024x474.jpg 1024w\" sizes=\"(max-width: 1400px) 100vw, 1400px\" \/><\/p>\n<p>Bursa&#8217;n\u0131n g\u00f6zde yerlerinden Balat&#8217;ta art\u0131k e\u015fsiz bir mekan var. Bal-et. Kasap, \u0131zgara ve pide \u00e7e\u015fitleriyle hizmetinizdeyiz.<\/p>\n","protected":false},"excerpt":{"rendered":"<p>Bursa&#8217;n\u0131n g\u00f6zde yerlerinden Balat&#8217;ta art\u0131k e\u015fsiz bir mekan var. Bal-et. Kasap, \u0131zgara ve pide \u00e7e\u015fitleriyle hizmetinizdeyiz.<\/p>\n","protected":false},"author":1,"featured_media":97,"parent":0,"menu_order":0,"comment_status":"closed","ping_status":"closed","template":"","meta":[],"_links":{"self":[{"href":"https:\/\/www.balet.com.tr\/index.php\/wp-json\/wp\/v2\/pages\/9"}],"collection":[{"href":"https:\/\/www.balet.com.tr\/index.php\/wp-json\/wp\/v2\/pages"}],"about":[{"href":"https:\/\/www.balet.com.tr\/index.php\/wp-json\/wp\/v2\/types\/page"}],"author":[{"embeddable":true,"href":"https:\/\/www.balet.com.tr\/index.php\/wp-json\/wp\/v2\/users\/1"}],"replies":[{"embeddable":true,"href":"https:\/\/www.balet.com.tr\/index.php\/wp-json\/wp\/v2\/comments?post=9"}],"version-history":[{"count":5,"href":"https:\/\/www.balet.com.tr\/index.php\/wp-json\/wp\/v2\/pages\/9\/revisions"}],"predecessor-version":[{"id":98,"href":"https:\/\/www.balet.com.tr\/index.php\/wp-json\/wp\/v2\/pages\/9\/revisions\/98"}],"wp:featuredmedia":[{"embeddable":true,"href":"https:\/\/www.balet.com.tr\/index.php\/wp-json\/wp\/v2\/media\/97"}],"wp:attachment":[{"href":"https:\/\/www.balet.com.tr\/index.php\/wp-json\/wp\/v2\/media?parent=9"}],"curies":[{"name":"wp","href":"https:\/\/api.w.org\/{rel}","templated":true}]}}